{"id":9,"date":"2020-11-26T15:54:43","date_gmt":"2020-11-26T14:54:43","guid":{"rendered":"https:\/\/mabatech.de\/Feher\/?page_id=9"},"modified":"2020-12-01T22:01:38","modified_gmt":"2020-12-01T21:01:38","slug":"9-2","status":"publish","type":"page","link":"https:\/\/mabatech.de\/Feher\/","title":{"rendered":"Home"},"content":{"rendered":"<p>[et_pb_section fb_built=&#8220;1&#8243; fullwidth=&#8220;on&#8220; disabled_on=&#8220;off|off|off&#8220; _builder_version=&#8220;4.7.4&#8243; _module_preset=&#8220;default&#8220;][et_pb_fullwidth_slider use_bg_overlay=&#8220;off&#8220; disabled_on=&#8220;on|on|off&#8220; _builder_version=&#8220;4.7.4&#8243; _module_preset=&#8220;default&#8220; header_font_size=&#8220;15px&#8220; auto=&#8220;on&#8220; auto_speed=&#8220;5000&#8243;][et_pb_slide heading=&#8220;CNC Bearbeitung&#8220; use_bg_overlay=&#8220;on&#8220; use_text_overlay=&#8220;on&#8220; text_overlay_color=&#8220;rgba(252,134,62,0.62)&#8220; _builder_version=&#8220;4.7.4&#8243; _module_preset=&#8220;default&#8220; header_level=&#8220;h1&#8243; header_font=&#8220;|700|||||||&#8220; header_text_align=&#8220;left&#8220; header_text_color=&#8220;#ffffff&#8220; header_font_size=&#8220;36px&#8220; background_image=&#8220;https:\/\/mabatech.de\/Feher\/wp-content\/uploads\/2020\/11\/cnc_drehen1.jpg&#8220; background_enable_image=&#8220;on&#8220; button_rel=&#8220;off|off|off|off|off&#8220; text_orientation=&#8220;left&#8220; custom_padding=&#8220;275px|675px|50px|0px|false|false&#8220; sticky_transition=&#8220;on&#8220;][\/et_pb_slide][et_pb_slide heading=&#8220;Blechbearbeitung&#8220; use_bg_overlay=&#8220;on&#8220; use_text_overlay=&#8220;on&#8220; text_overlay_color=&#8220;rgba(252,134,62,0.62)&#8220; _builder_version=&#8220;4.7.4&#8243; _module_preset=&#8220;default&#8220; header_level=&#8220;h1&#8243; header_font=&#8220;|700|||||||&#8220; header_text_align=&#8220;left&#8220; header_text_color=&#8220;#ffffff&#8220; header_font_size=&#8220;36px&#8220; background_image=&#8220;https:\/\/mabatech.de\/Feher\/wp-content\/uploads\/2020\/11\/blechbearbeitung.jpg&#8220; background_enable_image=&#8220;on&#8220; button_rel=&#8220;off|off|off|off|off&#8220; text_orientation=&#8220;left&#8220; custom_padding=&#8220;275px|675px|50px|0px|false|false&#8220; sticky_transition=&#8220;on&#8220;][\/et_pb_slide][et_pb_slide heading=&#8220;Fr\u00e4sen&#8220; use_bg_overlay=&#8220;on&#8220; use_text_overlay=&#8220;on&#8220; text_overlay_color=&#8220;rgba(252,134,62,0.62)&#8220; _builder_version=&#8220;4.7.4&#8243; _module_preset=&#8220;default&#8220; header_level=&#8220;h1&#8243; header_font=&#8220;|700|||||||&#8220; header_text_align=&#8220;left&#8220; header_text_color=&#8220;#ffffff&#8220; header_font_size=&#8220;36px&#8220; background_image=&#8220;https:\/\/mabatech.de\/Feher\/wp-content\/uploads\/2020\/11\/fraesen1.jpg&#8220; background_enable_image=&#8220;on&#8220; button_rel=&#8220;off|off|off|off|off&#8220; text_orientation=&#8220;left&#8220; custom_padding=&#8220;275px|675px|50px|0px|false|false&#8220; sticky_transition=&#8220;on&#8220;][\/et_pb_slide][\/et_pb_fullwidth_slider][\/et_pb_section][et_pb_section fb_built=&#8220;1&#8243; fullwidth=&#8220;on&#8220; _builder_version=&#8220;4.7.4&#8243; background_color=&#8220;#474747&#8243;][et_pb_fullwidth_header title=&#8220;Herzlich Willkommen bei Stahltechnik Feher&#8220; subhead=&#8220;Ihr kompetenter Partner f\u00fcr CNC Drehen und Fr\u00e4sen, Laserschneiden, Blechbearbeitung und Metallverarbeitung&#8220; text_orientation=&#8220;center&#8220; content_max_width=&#8220;none&#8220; _builder_version=&#8220;4.7.4&#8243; title_font=&#8220;|700|||||||&#8220; title_text_color=&#8220;#ffffff&#8220; subhead_font=&#8220;|700|||||||&#8220; subhead_text_color=&#8220;#ffffff&#8220; background_color=&#8220;rgba(255, 255, 255, 0)&#8220; background_layout=&#8220;light&#8220; custom_margin=&#8220;||||false|false&#8220; custom_padding=&#8220;||||false|false&#8220; hover_enabled=&#8220;0&#8243; button_one_text_size__hover_enabled=&#8220;off&#8220; button_two_text_size__hover_enabled=&#8220;off&#8220; button_one_text_color__hover_enabled=&#8220;off&#8220; button_two_text_color__hover_enabled=&#8220;off&#8220; button_one_border_width__hover_enabled=&#8220;off&#8220; button_two_border_width__hover_enabled=&#8220;off&#8220; button_one_border_color__hover_enabled=&#8220;off&#8220; button_two_border_color__hover_enabled=&#8220;off&#8220; button_one_border_radius__hover_enabled=&#8220;off&#8220; button_two_border_radius__hover_enabled=&#8220;off&#8220; button_one_letter_spacing__hover_enabled=&#8220;off&#8220; button_two_letter_spacing__hover_enabled=&#8220;off&#8220; button_one_bg_color__hover_enabled=&#8220;off&#8220; button_two_bg_color__hover_enabled=&#8220;off&#8220; subhead_font_size=&#8220;19px&#8220; sticky_enabled=&#8220;0&#8243;][\/et_pb_fullwidth_header][\/et_pb_section][et_pb_section fb_built=&#8220;1&#8243; _builder_version=&#8220;4.7.4&#8243; _module_preset=&#8220;default&#8220;][et_pb_row column_structure=&#8220;3_5,2_5&#8243; _builder_version=&#8220;4.7.4&#8243; _module_preset=&#8220;default&#8220;][et_pb_column type=&#8220;3_5&#8243; _builder_version=&#8220;4.7.4&#8243; _module_preset=&#8220;default&#8220;][et_pb_text _builder_version=&#8220;4.7.4&#8243; _module_preset=&#8220;default&#8220;]<\/p>\n<h1><span>Wer ist Stahltechnik Feher?<\/span><\/h1>\n<p><span>Das Unternehmen Stahltechnik Feher wurde im Jahre 2005 von Andr\u00e9 Feher gegr\u00fcndet und steht seitdem f\u00fcr h\u00f6chste Qualit\u00e4t in den unterschiedlichsten Bereichen der Metallverarbeitung. Durch einen gro\u00dfen Maschinenpark und h\u00f6chst engagierte Mitarbeiter garantieren wir Ihnen nur das Beste f\u00fcr Ihre Auftr\u00e4ge. Wir gehen auf Ihre individuellen W\u00fcnsche ein und bieten Ihnen einen kundenorientierten Service an. Ihre Teile bearbeiten wir mit bestem Wissen und K\u00f6nnen. Dar\u00fcberhinaus arbeiten wir sehr effizient und pr\u00e4zise mit dem Material und liefern es Ihnen zum gew\u00fcnschten Termin. Da wir ausschlie\u00dflich an unserem Firmenstandort in Bayern produzieren garantieren wir au\u00dferdem f\u00fcr Qualit\u00e4t made in Germany!<\/span><\/p>\n<p>[\/et_pb_text][et_pb_button button_url=&#8220;@ET-DC@eyJkeW5hbWljIjp0cnVlLCJjb250ZW50IjoicG9zdF9saW5rX3VybF9wYWdlIiwic2V0dGluZ3MiOnsicG9zdF9pZCI6IjExNyJ9fQ==@&#8220; button_text=&#8220;Erfahren Sie mehr&#8220; _builder_version=&#8220;4.7.4&#8243; _dynamic_attributes=&#8220;button_url&#8220; _module_preset=&#8220;default&#8220;][\/et_pb_button][\/et_pb_column][et_pb_column type=&#8220;2_5&#8243; _builder_version=&#8220;4.7.4&#8243; _module_preset=&#8220;default&#8220;][et_pb_image src=&#8220;data:image\/svg+xml;base64,PHN2ZyB3aWR0aD0iMTA4MCIgaGVpZ2h0PSI1NDAiIHZpZXdCb3g9IjAgMCAxMDgwIDU0MCIgeG1sbnM9Imh0dHA6Ly93d3cudzMub3JnLzIwMDAvc3ZnIj4KICAgIDxnIGZpbGw9Im5vbmUiIGZpbGwtcnVsZT0iZXZlbm9kZCI+CiAgICAgICAgPHBhdGggZmlsbD0iI0VCRUJFQiIgZD0iTTAgMGgxMDgwdjU0MEgweiIvPgogICAgICAgIDxwYXRoIGQ9Ik00NDUuNjQ5IDU0MGgtOTguOTk1TDE0NC42NDkgMzM3Ljk5NSAwIDQ4Mi42NDR2LTk4Ljk5NWwxMTYuMzY1LTExNi4zNjVjMTUuNjItMTUuNjIgNDAuOTQ3LTE1LjYyIDU2LjU2OCAwTDQ0NS42NSA1NDB6IiBmaWxsLW9wYWNpdHk9Ii4xIiBmaWxsPSIjMDAwIiBmaWxsLXJ1bGU9Im5vbnplcm8iLz4KICAgICAgICA8Y2lyY2xlIGZpbGwtb3BhY2l0eT0iLjA1IiBmaWxsPSIjMDAwIiBjeD0iMzMxIiBjeT0iMTQ4IiByPSI3MCIvPgogICAgICAgIDxwYXRoIGQ9Ik0xMDgwIDM3OXYxMTMuMTM3TDcyOC4xNjIgMTQwLjMgMzI4LjQ2MiA1NDBIMjE1LjMyNEw2OTkuODc4IDU1LjQ0NmMxNS42Mi0xNS42MiA0MC45NDgtMTUuNjIgNTYuNTY4IDBMMTA4MCAzNzl6IiBmaWxsLW9wYWNpdHk9Ii4yIiBmaWxsPSIjMDAwIiBmaWxsLXJ1bGU9Im5vbnplcm8iLz4KICAgIDwvZz4KPC9zdmc+Cg==&#8220; _builder_version=&#8220;4.7.4&#8243; _module_preset=&#8220;default&#8220; box_shadow_style=&#8220;preset2&#8243;][\/et_pb_image][\/et_pb_column][\/et_pb_row][et_pb_row _builder_version=&#8220;4.7.4&#8243; _module_preset=&#8220;default&#8220;][et_pb_column _builder_version=&#8220;4.7.4&#8243; _module_preset=&#8220;default&#8220; type=&#8220;4_4&#8243;][et_pb_text _builder_version=&#8220;4.7.4&#8243; _module_preset=&#8220;default&#8220; custom_padding=&#8220;10px||10px||false|false&#8220; hover_enabled=&#8220;0&#8243; sticky_enabled=&#8220;0&#8243; background_color=&#8220;#474747&#8243; text_font=&#8220;|700|||||||&#8220; text_text_color=&#8220;#ffffff&#8220; header_text_color=&#8220;#ffffff&#8220; header_font=&#8220;|700|||||||&#8220; header_text_align=&#8220;center&#8220;]<\/p>\n<h1 style=\"text-align: center;\">Unsere Philosophie<\/h1>\n<p>[\/et_pb_text][\/et_pb_column][\/et_pb_row][et_pb_row _builder_version=&#8220;4.7.4&#8243; _module_preset=&#8220;default&#8220; column_structure=&#8220;1_3,1_3,1_3&#8243;][et_pb_column type=&#8220;1_3&#8243; _builder_version=&#8220;4.7.4&#8243; _module_preset=&#8220;default&#8220;][et_pb_cta title=&#8220;1. Alles aus einer Hand&#8220; _builder_version=&#8220;4.7.4&#8243; _module_preset=&#8220;default&#8220; header_level=&#8220;h4&#8243; header_font=&#8220;|700|||||||&#8220; body_font=&#8220;|600|||||||&#8220; hover_enabled=&#8220;0&#8243; box_shadow_style=&#8220;preset2&#8243; sticky_enabled=&#8220;0&#8243; height=&#8220;300px&#8220;]<\/p>\n<p><span>Die Grundlage unseres Erfolges sind Mitarbeiterinnen und Mitarbeiter mit hoher fachlicher Kompetenz. Sie beeindrucken mit l\u00f6sungsorientiertem Denken und sind offen f\u00fcr individuelle Kundenw\u00fcnsche.<\/span><\/p>\n<p>[\/et_pb_cta][\/et_pb_column][et_pb_column type=&#8220;1_3&#8243; _builder_version=&#8220;4.7.4&#8243; _module_preset=&#8220;default&#8220;][et_pb_cta title=&#8220;2. Technologie&#8220; _builder_version=&#8220;4.7.4&#8243; _module_preset=&#8220;default&#8220; header_level=&#8220;h4&#8243; header_font=&#8220;|700|||||||&#8220; body_font=&#8220;|600|||||||&#8220; hover_enabled=&#8220;0&#8243; box_shadow_style=&#8220;preset2&#8243; sticky_enabled=&#8220;0&#8243; height=&#8220;300px&#8220;]<\/p>\n<p><span>Unsere moderne Maschinen und motivierte Mitarbeiter garantieren f\u00fcr h\u00f6chste Qualit\u00e4t und Fertigungsgenauigkeit bei Ihren individuellen Auftr\u00e4gen.<\/span><\/p>\n<p>[\/et_pb_cta][\/et_pb_column][et_pb_column type=&#8220;1_3&#8243; _builder_version=&#8220;4.7.4&#8243; _module_preset=&#8220;default&#8220;][et_pb_cta title=&#8220;3. Geschwindigkeit&#8220; _builder_version=&#8220;4.7.4&#8243; _module_preset=&#8220;default&#8220; header_level=&#8220;h4&#8243; header_font=&#8220;|700|||||||&#8220; body_font=&#8220;|600|||||||&#8220; hover_enabled=&#8220;0&#8243; box_shadow_style=&#8220;preset2&#8243; sticky_enabled=&#8220;0&#8243; height=&#8220;300px&#8220;]<\/p>\n<p><span>Unsere optimierten Arbeitsprozesse garantieren daf\u00fcr, dass Auftr\u00e4ge in kurzer Zeit pr\u00e4zise erledigt werden und Sie Ihre Teile genau dann bekommen, wenn Sie sie ben\u00f6tigen. Au\u00dferdem garantieren wir f\u00fcr gleichbleibend gute Qualit\u00e4t!<\/span><\/p>\n<p>[\/et_pb_cta][\/et_pb_column][\/et_pb_row][\/et_pb_section][et_pb_section fb_built=&#8220;1&#8243; fullwidth=&#8220;on&#8220; _builder_version=&#8220;4.7.4&#8243; background_color=&#8220;#474747&#8243; hover_enabled=&#8220;0&#8243; sticky_enabled=&#8220;0&#8243;][et_pb_fullwidth_header title=&#8220;Unsere Kompetenzen&#8220; subhead=&#8220;CNC Bearbeitung | Laserschneiden | Blechbearbeitung&#8220; text_orientation=&#8220;center&#8220; content_max_width=&#8220;none&#8220; _builder_version=&#8220;4.7.4&#8243; title_font=&#8220;|700|||||||&#8220; title_text_color=&#8220;#ffffff&#8220; subhead_font=&#8220;|700|||||||&#8220; subhead_text_color=&#8220;#ffffff&#8220; background_color=&#8220;rgba(255, 255, 255, 0)&#8220; background_layout=&#8220;light&#8220; hover_enabled=&#8220;0&#8243; button_one_text_size__hover_enabled=&#8220;off&#8220; button_two_text_size__hover_enabled=&#8220;off&#8220; button_one_text_color__hover_enabled=&#8220;off&#8220; button_two_text_color__hover_enabled=&#8220;off&#8220; button_one_border_width__hover_enabled=&#8220;off&#8220; button_two_border_width__hover_enabled=&#8220;off&#8220; button_one_border_color__hover_enabled=&#8220;off&#8220; button_two_border_color__hover_enabled=&#8220;off&#8220; button_one_border_radius__hover_enabled=&#8220;off&#8220; button_two_border_radius__hover_enabled=&#8220;off&#8220; button_one_letter_spacing__hover_enabled=&#8220;off&#8220; button_two_letter_spacing__hover_enabled=&#8220;off&#8220; button_one_bg_color__hover_enabled=&#8220;off&#8220; button_two_bg_color__hover_enabled=&#8220;off&#8220; sticky_enabled=&#8220;0&#8243; custom_padding=&#8220;||||false|false&#8220; custom_margin=&#8220;||||false|false&#8220; subhead_text_align=&#8220;center&#8220; subhead_font_size=&#8220;19px&#8220;][\/et_pb_fullwidth_header][\/et_pb_section][et_pb_section fb_built=&#8220;1&#8243; _builder_version=&#8220;3.22&#8243; hover_enabled=&#8220;0&#8243; sticky_enabled=&#8220;0&#8243;][et_pb_row column_structure=&#8220;1_3,1_3,1_3&#8243; _builder_version=&#8220;4.7.4&#8243; _module_preset=&#8220;default&#8220;][et_pb_column type=&#8220;1_3&#8243; _builder_version=&#8220;4.7.4&#8243; _module_preset=&#8220;default&#8220;][et_pb_blurb title=&#8220;CNC Bearbeitung&#8220; use_icon=&#8220;on&#8220; font_icon=&#8220;%%176%%&#8220; _builder_version=&#8220;4.7.4&#8243; _module_preset=&#8220;default&#8220; header_level=&#8220;h2&#8243; header_text_align=&#8220;center&#8220; hover_enabled=&#8220;0&#8243; sticky_enabled=&#8220;0&#8243;]<\/p>\n<p style=\"text-align: center;\"><span>Wir planen und produzieren CNC-Drehteile f\u00fcr h\u00f6chste Anspr\u00fcche und die verschiedensten Bereiche.<\/span><\/p>\n<p>[\/et_pb_blurb][et_pb_button button_url=&#8220;@ET-DC@eyJkeW5hbWljIjp0cnVlLCJjb250ZW50IjoicG9zdF9saW5rX3VybF9wYWdlIiwic2V0dGluZ3MiOnsicG9zdF9pZCI6IjEzNCJ9fQ==@&#8220; button_text=&#8220;Mehr&#8220; button_alignment=&#8220;center&#8220; _builder_version=&#8220;4.7.4&#8243; _dynamic_attributes=&#8220;button_url&#8220; _module_preset=&#8220;default&#8220; custom_button=&#8220;on&#8220; button_text_color=&#8220;#e09900&#8243; button_icon=&#8220;%%3%%&#8220; hover_enabled=&#8220;0&#8243; custom_margin=&#8220;||10px||false|false&#8220; sticky_enabled=&#8220;0&#8243;][\/et_pb_button][\/et_pb_column][et_pb_column type=&#8220;1_3&#8243; _builder_version=&#8220;4.7.4&#8243; _module_preset=&#8220;default&#8220;][et_pb_blurb title=&#8220;Blechbearbeitung&#8220; use_icon=&#8220;on&#8220; font_icon=&#8220;%%173%%&#8220; _builder_version=&#8220;4.7.4&#8243; _module_preset=&#8220;default&#8220; header_level=&#8220;h2&#8243; header_text_align=&#8220;center&#8220;]<\/p>\n<p style=\"text-align: center;\"><span>Unsere Fachkompetenz liegt im Bereich Schneiden, Kanten, Schwei\u00dfen, Entgraten und Veredelung von Metallen und Blechen.<\/span><\/p>\n<p>[\/et_pb_blurb][et_pb_button button_url=&#8220;@ET-DC@eyJkeW5hbWljIjp0cnVlLCJjb250ZW50IjoicG9zdF9saW5rX3VybF9wYWdlIiwic2V0dGluZ3MiOnsicG9zdF9pZCI6IjE2NSJ9fQ==@&#8220; button_text=&#8220;Mehr&#8220; button_alignment=&#8220;center&#8220; _builder_version=&#8220;4.7.4&#8243; _dynamic_attributes=&#8220;button_url&#8220; _module_preset=&#8220;default&#8220; custom_button=&#8220;on&#8220; button_text_color=&#8220;#e09900&#8243; button_icon=&#8220;%%3%%&#8220; hover_enabled=&#8220;0&#8243; custom_margin=&#8220;0px||10px||false|false&#8220; sticky_enabled=&#8220;0&#8243;][\/et_pb_button][\/et_pb_column][et_pb_column type=&#8220;1_3&#8243; _builder_version=&#8220;4.7.4&#8243; _module_preset=&#8220;default&#8220;][et_pb_blurb title=&#8220;Laserschneiden&#8220; use_icon=&#8220;on&#8220; font_icon=&#8220;%%175%%&#8220; _builder_version=&#8220;4.7.4&#8243; _module_preset=&#8220;default&#8220; header_level=&#8220;h2&#8243; header_text_align=&#8220;center&#8220;]<\/p>\n<p style=\"text-align: center;\"><span>Beim Laserschneiden wird der Laserstrahl \u00fcber eine Fokussiereinheit auf das Werkst\u00fcck projiziert.<\/span><\/p>\n<p>[\/et_pb_blurb][et_pb_button button_url=&#8220;@ET-DC@eyJkeW5hbWljIjp0cnVlLCJjb250ZW50IjoicG9zdF9saW5rX3VybF9wYWdlIiwic2V0dGluZ3MiOnsicG9zdF9pZCI6IjE3MCJ9fQ==@&#8220; button_text=&#8220;Mehr&#8220; button_alignment=&#8220;center&#8220; _builder_version=&#8220;4.7.4&#8243; _dynamic_attributes=&#8220;button_url&#8220; _module_preset=&#8220;default&#8220; custom_button=&#8220;on&#8220; button_text_color=&#8220;#e09900&#8243; button_icon=&#8220;%%3%%&#8220; hover_enabled=&#8220;0&#8243; custom_margin=&#8220;||10px||false|false&#8220; sticky_enabled=&#8220;0&#8243;][\/et_pb_button][\/et_pb_column][\/et_pb_row][\/et_pb_section]<\/p>\n","protected":false},"excerpt":{"rendered":"<p>[et_pb_section fb_built=&#8220;1&#8243; fullwidth=&#8220;on&#8220; disabled_on=&#8220;off|off|off&#8220; _builder_version=&#8220;4.7.4&#8243; _module_preset=&#8220;default&#8220;][et_pb_fullwidth_slider use_bg_overlay=&#8220;off&#8220; disabled_on=&#8220;on|on|off&#8220; _builder_version=&#8220;4.7.4&#8243; _module_preset=&#8220;default&#8220; header_font_size=&#8220;15px&#8220; auto=&#8220;on&#8220; auto_speed=&#8220;5000&#8243;][et_pb_slide heading=&#8220;CNC Bearbeitung&#8220; use_bg_overlay=&#8220;on&#8220; use_text_overlay=&#8220;on&#8220; text_overlay_color=&#8220;rgba(252,134,62,0.62)&#8220; _builder_version=&#8220;4.7.4&#8243; _module_preset=&#8220;default&#8220; header_level=&#8220;h1&#8243; header_font=&#8220;|700|||||||&#8220; header_text_align=&#8220;left&#8220; header_text_color=&#8220;#ffffff&#8220; header_font_size=&#8220;36px&#8220; background_image=&#8220;https:\/\/mabatech.de\/Feher\/wp-content\/uploads\/2020\/11\/cnc_drehen1.jpg&#8220; background_enable_image=&#8220;on&#8220; button_rel=&#8220;off|off|off|off|off&#8220; text_orientation=&#8220;left&#8220; custom_padding=&#8220;275px|675px|50px|0px|false|false&#8220; sticky_transition=&#8220;on&#8220;][\/et_pb_slide][et_pb_slide heading=&#8220;Blechbearbeitung&#8220; use_bg_overlay=&#8220;on&#8220; use_text_overlay=&#8220;on&#8220; text_overlay_color=&#8220;rgba(252,134,62,0.62)&#8220; _builder_version=&#8220;4.7.4&#8243; _module_preset=&#8220;default&#8220; header_level=&#8220;h1&#8243; header_font=&#8220;|700|||||||&#8220; header_text_align=&#8220;left&#8220; header_text_color=&#8220;#ffffff&#8220; header_font_size=&#8220;36px&#8220; background_image=&#8220;https:\/\/mabatech.de\/Feher\/wp-content\/uploads\/2020\/11\/blechbearbeitung.jpg&#8220; background_enable_image=&#8220;on&#8220; button_rel=&#8220;off|off|off|off|off&#8220; text_orientation=&#8220;left&#8220; custom_padding=&#8220;275px|675px|50px|0px|false|false&#8220; sticky_transition=&#8220;on&#8220;][\/et_pb_slide][et_pb_slide heading=&#8220;Fr\u00e4sen&#8220; use_bg_overlay=&#8220;on&#8220; use_text_overlay=&#8220;on&#8220; text_overlay_color=&#8220;rgba(252,134,62,0.62)&#8220; _builder_version=&#8220;4.7.4&#8243; _module_preset=&#8220;default&#8220; header_level=&#8220;h1&#8243; [&hellip;]<\/p>\n","protected":false},"author":1,"featured_media":0,"parent":0,"menu_order":0,"comment_status":"closed","ping_status":"closed","template":"","meta":{"_et_pb_use_builder":"on","_et_pb_old_content":"","_et_gb_content_width":""},"_links":{"self":[{"href":"https:\/\/mabatech.de\/Feher\/wp-json\/wp\/v2\/pages\/9"}],"collection":[{"href":"https:\/\/mabatech.de\/Feher\/wp-json\/wp\/v2\/pages"}],"about":[{"href":"https:\/\/mabatech.de\/Feher\/wp-json\/wp\/v2\/types\/page"}],"author":[{"embeddable":true,"href":"https:\/\/mabatech.de\/Feher\/wp-json\/wp\/v2\/users\/1"}],"replies":[{"embeddable":true,"href":"https:\/\/mabatech.de\/Feher\/wp-json\/wp\/v2\/comments?post=9"}],"version-history":[{"count":40,"href":"https:\/\/mabatech.de\/Feher\/wp-json\/wp\/v2\/pages\/9\/revisions"}],"predecessor-version":[{"id":290,"href":"https:\/\/mabatech.de\/Feher\/wp-json\/wp\/v2\/pages\/9\/revisions\/290"}],"wp:attachment":[{"href":"https:\/\/mabatech.de\/Feher\/wp-json\/wp\/v2\/media?parent=9"}],"curies":[{"name":"wp","href":"https:\/\/api.w.org\/{rel}","templated":true}]}}