{"id":117,"date":"2020-11-28T11:17:20","date_gmt":"2020-11-28T10:17:20","guid":{"rendered":"https:\/\/mabatech.de\/Feher\/?page_id=117"},"modified":"2020-11-30T09:57:27","modified_gmt":"2020-11-30T08:57:27","slug":"ueber-uns","status":"publish","type":"page","link":"https:\/\/mabatech.de\/Feher\/ueber-uns\/","title":{"rendered":"\u00dcber Uns"},"content":{"rendered":"<p>[et_pb_section fb_built=&#8220;1&#8243; fullwidth=&#8220;on&#8220; disabled_on=&#8220;off|off|off&#8220; _builder_version=&#8220;4.7.4&#8243; background_color=&#8220;#474747&#8243; use_background_color_gradient=&#8220;on&#8220; background_color_gradient_start=&#8220;#2ea3f2&#8243; background_color_gradient_end=&#8220;#2e6df4&#8243; background_color_gradient_direction=&#8220;330deg&#8220;][et_pb_fullwidth_header title=&#8220;\u00dcber uns&#8220; subhead=&#8220;Erfahren Sie mehr \u00fcber die Firma Stahltechnik Feher und deren motiviertes Team&#8220; content_max_width=&#8220;none&#8220; disabled_on=&#8220;off|off|off&#8220; _builder_version=&#8220;4.7.4&#8243; title_font=&#8220;|700|||||||&#8220; title_text_color=&#8220;#ffffff&#8220; subhead_font=&#8220;|700|||||||&#8220; subhead_text_color=&#8220;#fc863e&#8220; background_color=&#8220;#474747&#8243; background_image=&#8220;https:\/\/mabatech.de\/Feher\/wp-content\/uploads\/2020\/11\/laserschneide.jpg&#8220; overflow-y=&#8220;hidden&#8220; hover_enabled=&#8220;0&#8243; background_last_edited=&#8220;off|desktop&#8220; overflow-x_tablet=&#8220;hidden&#8220; overflow-x_phone=&#8220;&#8220; overflow-x_last_edited=&#8220;on|desktop&#8220; button_one_text_size__hover_enabled=&#8220;off&#8220; button_two_text_size__hover_enabled=&#8220;off&#8220; button_one_text_color__hover_enabled=&#8220;off&#8220; button_two_text_color__hover_enabled=&#8220;off&#8220; button_one_border_width__hover_enabled=&#8220;off&#8220; button_two_border_width__hover_enabled=&#8220;off&#8220; button_one_border_color__hover_enabled=&#8220;off&#8220; button_two_border_color__hover_enabled=&#8220;off&#8220; button_one_border_radius__hover_enabled=&#8220;off&#8220; button_two_border_radius__hover_enabled=&#8220;off&#8220; button_one_letter_spacing__hover_enabled=&#8220;off&#8220; button_two_letter_spacing__hover_enabled=&#8220;off&#8220; button_one_bg_color__hover_enabled=&#8220;off&#8220; button_two_bg_color__hover_enabled=&#8220;off&#8220; background__hover_enabled=&#8220;off|desktop&#8220; sticky_enabled=&#8220;0&#8243;][\/et_pb_fullwidth_header][\/et_pb_section][et_pb_section fb_built=&#8220;1&#8243; _builder_version=&#8220;4.7.4&#8243; custom_padding=&#8220;0px||||false|false&#8220;][et_pb_row column_structure=&#8220;2_5,3_5&#8243; _builder_version=&#8220;4.7.4&#8243; _module_preset=&#8220;default&#8220;][et_pb_column type=&#8220;2_5&#8243; _builder_version=&#8220;4.7.4&#8243; _module_preset=&#8220;default&#8220;][et_pb_image src=&#8220;https:\/\/mabatech.de\/Feher\/wp-content\/uploads\/2020\/11\/UeberUns.jpg&#8220; title_text=&#8220;\u00dcberUns&#8220; disabled_on=&#8220;on|off|off&#8220; _builder_version=&#8220;4.7.4&#8243; _module_preset=&#8220;default&#8220; box_shadow_style=&#8220;preset2&#8243;][\/et_pb_image][\/et_pb_column][et_pb_column type=&#8220;3_5&#8243; _builder_version=&#8220;4.7.4&#8243; _module_preset=&#8220;default&#8220;][et_pb_text _builder_version=&#8220;4.7.4&#8243; _module_preset=&#8220;default&#8220;]<\/p>\n<p><span>Wir sind ein in Bayern ans\u00e4ssiges, junges und motiviertes Unternehmen mit kompetenten Mitarbeitern und gro\u00dfem Maschinenpark, das gerne auf ihre individuellen W\u00fcnsche eingeht und diese so schnell und so pr\u00e4zise wie nur m\u00f6glich verwirklicht. Seit unserer Gr\u00fcndung im Jahr 2005 haben wir ein kontinuierliches Wachstum und erweitern unser Leistungsspektrum und unseren Maschinenpark um den Aufgaben am Markt gerecht zu werden.\u00a0<\/span><\/p>\n<p>[\/et_pb_text][et_pb_divider _builder_version=&#8220;4.7.4&#8243; _module_preset=&#8220;default&#8220; min_height=&#8220;13px&#8220; custom_margin=&#8220;||5px||false|false&#8220; custom_padding=&#8220;0px||0px||false|false&#8220;][\/et_pb_divider][et_pb_text _builder_version=&#8220;4.7.4&#8243; _module_preset=&#8220;default&#8220;]<\/p>\n<p><span>Alles was mit Stahl- beziehungsweise Metallverarbeitung im Bereich der CNC- und Lasertechnik zu tun hat ist unser Metier. An unserem Standort in Hittistetten arbeiten wir mit eigenen modernen Anlagen und Maschinen, um Ihnen Auftrag schnellstm\u00f6glich und zu Ihrer Zufriedenheit auszuf\u00fchren. Wir sind \u00fcber einen kurzen Weg an die A7 und B28\u00a0angeschlossen. Wir produzieren bedarfsgerecht, \u00f6konomisch und fertigen Konstruktionen aus Stahl und anderen Materialien in hoher Qualit\u00e4t, Pr\u00e4zision und fachgerechter Industriequalit\u00e4t.<\/span><\/p>\n<p>[\/et_pb_text][\/et_pb_column][\/et_pb_row][\/et_pb_section][et_pb_section fb_built=&#8220;1&#8243; fullwidth=&#8220;on&#8220; disabled_on=&#8220;on|off|off&#8220; _builder_version=&#8220;4.7.4&#8243; background_color=&#8220;#474747&#8243; use_background_color_gradient=&#8220;on&#8220; background_color_gradient_start=&#8220;#2ea3f2&#8243; background_color_gradient_end=&#8220;#2e6df4&#8243; background_color_gradient_direction=&#8220;330deg&#8220;][et_pb_fullwidth_header title=&#8220;Unser Team&#8220; content_max_width=&#8220;none&#8220; disabled_on=&#8220;off|off|off&#8220; _builder_version=&#8220;4.7.4&#8243; title_font=&#8220;|700|||||||&#8220; subhead_font=&#8220;|600|||||||&#8220; background_color=&#8220;#474747&#8243; background_enable_image=&#8220;off&#8220; module_alignment=&#8220;left&#8220; height=&#8220;100px&#8220; overflow-y=&#8220;hidden&#8220; custom_padding=&#8220;25px||||false|false&#8220; background_last_edited=&#8220;off|desktop&#8220; overflow-x_tablet=&#8220;hidden&#8220; overflow-x_phone=&#8220;&#8220; overflow-x_last_edited=&#8220;on|desktop&#8220; button_one_text_size__hover_enabled=&#8220;off&#8220; button_two_text_size__hover_enabled=&#8220;off&#8220; button_one_text_color__hover_enabled=&#8220;off&#8220; button_two_text_color__hover_enabled=&#8220;off&#8220; button_one_border_width__hover_enabled=&#8220;off&#8220; button_two_border_width__hover_enabled=&#8220;off&#8220; button_one_border_color__hover_enabled=&#8220;off&#8220; button_two_border_color__hover_enabled=&#8220;off&#8220; button_one_border_radius__hover_enabled=&#8220;off&#8220; button_two_border_radius__hover_enabled=&#8220;off&#8220; button_one_letter_spacing__hover_enabled=&#8220;off&#8220; button_two_letter_spacing__hover_enabled=&#8220;off&#8220; button_one_bg_color__hover_enabled=&#8220;off&#8220; button_two_bg_color__hover_enabled=&#8220;off&#8220; background__hover_enabled=&#8220;off|desktop&#8220;][\/et_pb_fullwidth_header][\/et_pb_section][et_pb_section fb_built=&#8220;1&#8243; _builder_version=&#8220;3.22&#8243;][et_pb_row column_structure=&#8220;1_2,1_2&#8243; _builder_version=&#8220;4.7.4&#8243; _module_preset=&#8220;default&#8220;][et_pb_column type=&#8220;1_2&#8243; _builder_version=&#8220;4.7.4&#8243; _module_preset=&#8220;default&#8220;][et_pb_testimonial author=&#8220;Andre Feher&#8220; job_title=&#8220;Gesch\u00e4ftsf\u00fchrer&#8220; portrait_url=&#8220;data:image\/svg+xml;base64,PHN2ZyB3aWR0aD0iNTAwIiBoZWlnaHQ9IjUwMCIgdmlld0JveD0iMCAwIDUwMCA1MDAiIHhtbG5zPSJodHRwOi8vd3d3LnczLm9yZy8yMDAwL3N2ZyI+CiAgICA8ZyBmaWxsPSJub25lIiBmaWxsLXJ1bGU9ImV2ZW5vZGQiPgogICAgICAgIDxwYXRoIGZpbGw9IiNFQkVCRUIiIGQ9Ik0wIDBoNTAwdjUwMEgweiIvPgogICAgICAgIDxyZWN0IGZpbGwtb3BhY2l0eT0iLjEiIGZpbGw9IiMwMDAiIHg9IjY4IiB5PSIzMDUiIHdpZHRoPSIzNjQiIGhlaWdodD0iNTY4IiByeD0iMTgyIi8+CiAgICAgICAgPGNpcmNsZSBmaWxsLW9wYWNpdHk9Ii4xIiBmaWxsPSIjMDAwIiBjeD0iMjQ5IiBjeT0iMTcyIiByPSIxMDAiLz4KICAgIDwvZz4KPC9zdmc+Cg==&#8220; quote_icon=&#8220;off&#8220; _builder_version=&#8220;4.7.4&#8243; _module_preset=&#8220;default&#8220; box_shadow_style=&#8220;preset2&#8243;]<\/p>\n<p>Beschreibung der Person asdasd asdasd asdasd asda dasd asdas dasd asd adas dasdasdas asd asdasdas dasd s<\/p>\n<p>[\/et_pb_testimonial][et_pb_testimonial author=&#8220;Andre Feher&#8220; job_title=&#8220;Gesch\u00e4ftsf\u00fchrer&#8220; portrait_url=&#8220;data:image\/svg+xml;base64,PHN2ZyB3aWR0aD0iNTAwIiBoZWlnaHQ9IjUwMCIgdmlld0JveD0iMCAwIDUwMCA1MDAiIHhtbG5zPSJodHRwOi8vd3d3LnczLm9yZy8yMDAwL3N2ZyI+CiAgICA8ZyBmaWxsPSJub25lIiBmaWxsLXJ1bGU9ImV2ZW5vZGQiPgogICAgICAgIDxwYXRoIGZpbGw9IiNFQkVCRUIiIGQ9Ik0wIDBoNTAwdjUwMEgweiIvPgogICAgICAgIDxyZWN0IGZpbGwtb3BhY2l0eT0iLjEiIGZpbGw9IiMwMDAiIHg9IjY4IiB5PSIzMDUiIHdpZHRoPSIzNjQiIGhlaWdodD0iNTY4IiByeD0iMTgyIi8+CiAgICAgICAgPGNpcmNsZSBmaWxsLW9wYWNpdHk9Ii4xIiBmaWxsPSIjMDAwIiBjeD0iMjQ5IiBjeT0iMTcyIiByPSIxMDAiLz4KICAgIDwvZz4KPC9zdmc+Cg==&#8220; quote_icon=&#8220;off&#8220; _builder_version=&#8220;4.7.4&#8243; _module_preset=&#8220;default&#8220; box_shadow_style=&#8220;preset2&#8243;]<\/p>\n<p>Beschreibung der Person asdasd asdasd asdasd asda dasd asdas dasd asd adas dasdasdas asd asdasdas dasd s<\/p>\n<p>[\/et_pb_testimonial][\/et_pb_column][et_pb_column type=&#8220;1_2&#8243; _builder_version=&#8220;4.7.4&#8243; _module_preset=&#8220;default&#8220;][et_pb_testimonial author=&#8220;Andre Feher&#8220; job_title=&#8220;Gesch\u00e4ftsf\u00fchrer&#8220; portrait_url=&#8220;data:image\/svg+xml;base64,PHN2ZyB3aWR0aD0iNTAwIiBoZWlnaHQ9IjUwMCIgdmlld0JveD0iMCAwIDUwMCA1MDAiIHhtbG5zPSJodHRwOi8vd3d3LnczLm9yZy8yMDAwL3N2ZyI+CiAgICA8ZyBmaWxsPSJub25lIiBmaWxsLXJ1bGU9ImV2ZW5vZGQiPgogICAgICAgIDxwYXRoIGZpbGw9IiNFQkVCRUIiIGQ9Ik0wIDBoNTAwdjUwMEgweiIvPgogICAgICAgIDxyZWN0IGZpbGwtb3BhY2l0eT0iLjEiIGZpbGw9IiMwMDAiIHg9IjY4IiB5PSIzMDUiIHdpZHRoPSIzNjQiIGhlaWdodD0iNTY4IiByeD0iMTgyIi8+CiAgICAgICAgPGNpcmNsZSBmaWxsLW9wYWNpdHk9Ii4xIiBmaWxsPSIjMDAwIiBjeD0iMjQ5IiBjeT0iMTcyIiByPSIxMDAiLz4KICAgIDwvZz4KPC9zdmc+Cg==&#8220; quote_icon=&#8220;off&#8220; _builder_version=&#8220;4.7.4&#8243; _module_preset=&#8220;default&#8220; box_shadow_style=&#8220;preset2&#8243;]<\/p>\n<p>Beschreibung der Person asdasd asdasd asdasd asda dasd asdas dasd asd adas dasdasdas asd asdasdas dasd s<\/p>\n<p>[\/et_pb_testimonial][et_pb_testimonial author=&#8220;Andre Feher&#8220; job_title=&#8220;Gesch\u00e4ftsf\u00fchrer&#8220; portrait_url=&#8220;data:image\/svg+xml;base64,PHN2ZyB3aWR0aD0iNTAwIiBoZWlnaHQ9IjUwMCIgdmlld0JveD0iMCAwIDUwMCA1MDAiIHhtbG5zPSJodHRwOi8vd3d3LnczLm9yZy8yMDAwL3N2ZyI+CiAgICA8ZyBmaWxsPSJub25lIiBmaWxsLXJ1bGU9ImV2ZW5vZGQiPgogICAgICAgIDxwYXRoIGZpbGw9IiNFQkVCRUIiIGQ9Ik0wIDBoNTAwdjUwMEgweiIvPgogICAgICAgIDxyZWN0IGZpbGwtb3BhY2l0eT0iLjEiIGZpbGw9IiMwMDAiIHg9IjY4IiB5PSIzMDUiIHdpZHRoPSIzNjQiIGhlaWdodD0iNTY4IiByeD0iMTgyIi8+CiAgICAgICAgPGNpcmNsZSBmaWxsLW9wYWNpdHk9Ii4xIiBmaWxsPSIjMDAwIiBjeD0iMjQ5IiBjeT0iMTcyIiByPSIxMDAiLz4KICAgIDwvZz4KPC9zdmc+Cg==&#8220; quote_icon=&#8220;off&#8220; _builder_version=&#8220;4.7.4&#8243; _module_preset=&#8220;default&#8220; box_shadow_style=&#8220;preset2&#8243;]<\/p>\n<p>Beschreibung der Person asdasd asdasd asdasd asda dasd asdas dasd asd adas dasdasdas asd asdasdas dasd s<\/p>\n<p>[\/et_pb_testimonial][\/et_pb_column][\/et_pb_row][\/et_pb_section]<\/p>\n","protected":false},"excerpt":{"rendered":"<p>[et_pb_section fb_built=&#8220;1&#8243; fullwidth=&#8220;on&#8220; disabled_on=&#8220;off|off|off&#8220; _builder_version=&#8220;4.7.4&#8243; background_color=&#8220;#474747&#8243; use_background_color_gradient=&#8220;on&#8220; background_color_gradient_start=&#8220;#2ea3f2&#8243; background_color_gradient_end=&#8220;#2e6df4&#8243; background_color_gradient_direction=&#8220;330deg&#8220;][et_pb_fullwidth_header title=&#8220;\u00dcber uns&#8220; subhead=&#8220;Erfahren Sie mehr \u00fcber die Firma Stahltechnik Feher und deren motiviertes Team&#8220; content_max_width=&#8220;none&#8220; disabled_on=&#8220;off|off|off&#8220; _builder_version=&#8220;4.7.4&#8243; title_font=&#8220;|700|||||||&#8220; title_text_color=&#8220;#ffffff&#8220; subhead_font=&#8220;|700|||||||&#8220; subhead_text_color=&#8220;#fc863e&#8220; background_color=&#8220;#474747&#8243; background_image=&#8220;https:\/\/mabatech.de\/Feher\/wp-content\/uploads\/2020\/11\/laserschneide.jpg&#8220; overflow-y=&#8220;hidden&#8220; hover_enabled=&#8220;0&#8243; background_last_edited=&#8220;off|desktop&#8220; overflow-x_tablet=&#8220;hidden&#8220; overflow-x_phone=&#8220;&#8220; overflow-x_last_edited=&#8220;on|desktop&#8220; button_one_text_size__hover_enabled=&#8220;off&#8220; button_two_text_size__hover_enabled=&#8220;off&#8220; button_one_text_color__hover_enabled=&#8220;off&#8220; button_two_text_color__hover_enabled=&#8220;off&#8220; button_one_border_width__hover_enabled=&#8220;off&#8220; button_two_border_width__hover_enabled=&#8220;off&#8220; button_one_border_color__hover_enabled=&#8220;off&#8220; button_two_border_color__hover_enabled=&#8220;off&#8220; button_one_border_radius__hover_enabled=&#8220;off&#8220; button_two_border_radius__hover_enabled=&#8220;off&#8220; button_one_letter_spacing__hover_enabled=&#8220;off&#8220; button_two_letter_spacing__hover_enabled=&#8220;off&#8220; button_one_bg_color__hover_enabled=&#8220;off&#8220; button_two_bg_color__hover_enabled=&#8220;off&#8220; background__hover_enabled=&#8220;off|desktop&#8220; sticky_enabled=&#8220;0&#8243;][\/et_pb_fullwidth_header][\/et_pb_section][et_pb_section [&hellip;]<\/p>\n","protected":false},"author":1,"featured_media":0,"parent":0,"menu_order":0,"comment_status":"closed","ping_status":"closed","template":"","meta":{"_et_pb_use_builder":"on","_et_pb_old_content":"","_et_gb_content_width":""},"_links":{"self":[{"href":"https:\/\/mabatech.de\/Feher\/wp-json\/wp\/v2\/pages\/117"}],"collection":[{"href":"https:\/\/mabatech.de\/Feher\/wp-json\/wp\/v2\/pages"}],"about":[{"href":"https:\/\/mabatech.de\/Feher\/wp-json\/wp\/v2\/types\/page"}],"author":[{"embeddable":true,"href":"https:\/\/mabatech.de\/Feher\/wp-json\/wp\/v2\/users\/1"}],"replies":[{"embeddable":true,"href":"https:\/\/mabatech.de\/Feher\/wp-json\/wp\/v2\/comments?post=117"}],"version-history":[{"count":12,"href":"https:\/\/mabatech.de\/Feher\/wp-json\/wp\/v2\/pages\/117\/revisions"}],"predecessor-version":[{"id":216,"href":"https:\/\/mabatech.de\/Feher\/wp-json\/wp\/v2\/pages\/117\/revisions\/216"}],"wp:attachment":[{"href":"https:\/\/mabatech.de\/Feher\/wp-json\/wp\/v2\/media?parent=117"}],"curies":[{"name":"wp","href":"https:\/\/api.w.org\/{rel}","templated":true}]}}